{"id":3868,"date":"2021-08-31T17:39:01","date_gmt":"2021-08-31T17:39:01","guid":{"rendered":"https:\/\/sandoz.growlab.es\/?page_id=3868"},"modified":"2021-09-28T18:27:04","modified_gmt":"2021-09-28T18:27:04","slug":"home-k","status":"publish","type":"page","link":"https:\/\/sandoz.growlab.es\/","title":{"rendered":"Home &#8211; K"},"content":{"rendered":"\t\t<div data-elementor-type=\"wp-page\" data-elementor-id=\"3868\" class=\"elementor elementor-3868\" data-elementor-settings=\"[]\">\n\t\t\t\t\t\t\t<div class=\"elementor-section-wrap\">\n\t\t\t\t\t\t\t<section class=\"elementor-section elementor-top-section elementor-element elementor-element-bc150cc elementor-section-stretched elementor-section-height-full elementor-section-full_width elementor-section-content-middle elementor-section-height-default elementor-section-items-middle elementor-invisible\" data-id=\"bc150cc\" data-element_type=\"section\" data-settings=\"{&quot;stretch_section&quot;:&quot;section-stretched&quot;,&quot;background_background&quot;:&quot;classic&quot;,&quot;animation&quot;:&quot;fadeIn&quot;}\">\n\t\t\t\t\t\t<div class=\"elementor-container elementor-column-gap-no\">\n\t\t\t\t\t<div class=\"elementor-column elementor-col-50 elementor-top-column elementor-element elementor-element-5ae8d8a elementor-invisible\" data-id=\"5ae8d8a\" data-element_type=\"column\" data-settings=\"{&quot;background_background&quot;:&quot;classic&quot;,&quot;animation&quot;:&quot;fadeInLeft&quot;}\">\n\t\t\t<div class=\"elementor-widget-wrap elementor-element-populated\">\n\t\t\t\t\t<div class=\"elementor-background-overlay\"><\/div>\n\t\t\t\t\t\t\t\t<div class=\"elementor-element elementor-element-5a6f7fd elementor-invisible elementor-widget elementor-widget-heading\" data-id=\"5a6f7fd\" data-element_type=\"widget\" data-settings=\"{&quot;_animation&quot;:&quot;fadeInUp&quot;,&quot;_animation_delay&quot;:100}\" data-widget_type=\"heading.default\">\n\t\t\t\t<div class=\"elementor-widget-container\">\n\t\t\t<h1 class=\"elementor-heading-title elementor-size-default\">Sandoz Podcasts<\/h1>\t\t<\/div>\n\t\t\t\t<\/div>\n\t\t\t\t<div class=\"elementor-element elementor-element-e8aa54c elementor-widget elementor-widget-text-editor\" data-id=\"e8aa54c\" data-element_type=\"widget\" data-widget_type=\"text-editor.default\">\n\t\t\t\t<div class=\"elementor-widget-container\">\n\t\t\t\t\t\t\t<p class=\"p1\">Bienvenidos a este espacio de divulgaci\u00f3n sobre salud, que nos ayudar\u00e1 a seguir aprendiendo y evolucionando en distintas e interesantes \u00e1reas.<\/p><p class=\"p1\">Aqu\u00ed encontrar\u00e1s podcast did\u00e1cticos con contenidos de calidad sobre diversos temas, llevados a cabo por profesionales de la salud.<\/p><p class=\"p1\">Recuerda que tambi\u00e9n puedes escuchar todo el contenido en plataformas como Spotify y Apple Podcast.<\/p>\t\t\t\t\t\t<\/div>\n\t\t\t\t<\/div>\n\t\t\t\t<section class=\"elementor-section elementor-inner-section elementor-element elementor-element-7942814 elementor-section-boxed elementor-section-height-default elementor-section-height-default\" data-id=\"7942814\" data-element_type=\"section\">\n\t\t\t\t\t\t<div class=\"elementor-container elementor-column-gap-default\">\n\t\t\t\t\t<div class=\"elementor-column elementor-col-50 elementor-inner-column elementor-element elementor-element-a499053\" data-id=\"a499053\" data-element_type=\"column\">\n\t\t\t<div class=\"elementor-widget-wrap elementor-element-populated\">\n\t\t\t\t\t\t\t\t<div class=\"elementor-element elementor-element-ba9487a elementor-widget elementor-widget-image\" data-id=\"ba9487a\" data-element_type=\"widget\" data-widget_type=\"image.default\">\n\t\t\t\t<div class=\"elementor-widget-container\">\n\t\t\t\t\t\t\t\t\t\t\t\t\t\t\t<img width=\"162\" height=\"50\" src=\"https:\/\/sandoz.growlab.es\/wp-content\/uploads\/2021\/04\/s2.png\" class=\"attachment-large size-large\" alt=\"\" loading=\"lazy\" \/>\t\t\t\t\t\t\t\t\t\t\t\t\t\t\t<\/div>\n\t\t\t\t<\/div>\n\t\t\t\t\t<\/div>\n\t\t<\/div>\n\t\t\t\t<div class=\"elementor-column elementor-col-50 elementor-inner-column elementor-element elementor-element-cecfc22\" data-id=\"cecfc22\" data-element_type=\"column\">\n\t\t\t<div class=\"elementor-widget-wrap elementor-element-populated\">\n\t\t\t\t\t\t\t\t<div class=\"elementor-element elementor-element-0a2d8ac elementor-widget elementor-widget-image\" data-id=\"0a2d8ac\" data-element_type=\"widget\" data-widget_type=\"image.default\">\n\t\t\t\t<div class=\"elementor-widget-container\">\n\t\t\t\t\t\t\t\t\t\t\t\t\t\t\t<img width=\"162\" height=\"50\" src=\"https:\/\/sandoz.growlab.es\/wp-content\/uploads\/2021\/04\/s1.png\" class=\"attachment-large size-large\" alt=\"\" loading=\"lazy\" \/>\t\t\t\t\t\t\t\t\t\t\t\t\t\t\t<\/div>\n\t\t\t\t<\/div>\n\t\t\t\t\t<\/div>\n\t\t<\/div>\n\t\t\t\t\t\t\t<\/div>\n\t\t<\/section>\n\t\t\t\t<div class=\"elementor-element elementor-element-9ccb02d elementor-align-left elementor-widget elementor-widget-button\" data-id=\"9ccb02d\" data-element_type=\"widget\" data-widget_type=\"button.default\">\n\t\t\t\t<div class=\"elementor-widget-container\">\n\t\t\t\t\t<div class=\"elementor-button-wrapper\">\n\t\t\t<a href=\"https:\/\/sandoz.growlab.es\/index.php\/home-k2\/\" class=\"elementor-button-link elementor-button elementor-size-sm\" role=\"button\">\n\t\t\t\t\t\t<span class=\"elementor-button-content-wrapper\">\n\t\t\t\t\t\t<span class=\"elementor-button-icon elementor-align-icon-right\">\n\t\t\t\t<i aria-hidden=\"true\" class=\"feather  feather-arrow-right\"><\/i>\t\t\t<\/span>\n\t\t\t\t\t\t<span class=\"elementor-button-text\">Ver categor\u00edas<\/span>\n\t\t<\/span>\n\t\t\t\t\t<\/a>\n\t\t<\/div>\n\t\t\t\t<\/div>\n\t\t\t\t<\/div>\n\t\t\t\t\t<\/div>\n\t\t<\/div>\n\t\t\t\t<div class=\"elementor-column elementor-col-50 elementor-top-column elementor-element elementor-element-dbbcd87 elementor-hidden-tablet elementor-hidden-phone\" data-id=\"dbbcd87\" data-element_type=\"column\">\n\t\t\t<div class=\"elementor-widget-wrap elementor-element-populated\">\n\t\t\t\t\t\t\t\t\t<\/div>\n\t\t<\/div>\n\t\t\t\t\t\t\t<\/div>\n\t\t<\/section>\n\t\t\t\t<section class=\"elementor-section elementor-top-section elementor-element elementor-element-90413dc elementor-section-full_width elementor-section-content-top elementor-section-stretched elementor-section-height-default elementor-section-height-default\" data-id=\"90413dc\" data-element_type=\"section\" data-settings=\"{&quot;stretch_section&quot;:&quot;section-stretched&quot;}\">\n\t\t\t\t\t\t<div class=\"elementor-container elementor-column-gap-no\">\n\t\t\t\t\t<div class=\"elementor-column elementor-col-100 elementor-top-column elementor-element elementor-element-4b69452\" data-id=\"4b69452\" data-element_type=\"column\">\n\t\t\t<div class=\"elementor-widget-wrap elementor-element-populated\">\n\t\t\t\t\t\t\t\t<div class=\"elementor-element elementor-element-9b5b14e elementor-invisible elementor-widget elementor-widget-ce-podcasts-grid\" data-id=\"9b5b14e\" data-element_type=\"widget\" data-settings=\"{&quot;_animation&quot;:&quot;fadeInDown&quot;}\" data-widget_type=\"ce-podcasts-grid.default\">\n\t\t\t\t<div class=\"elementor-widget-container\">\n\t\t\t\t\t<div class=\"ce-podcasts-grid ce-post-style-list\" data-columns=\"1\" data-layout=\"masonry\">\r\n\r\n\t\t\t\t\t\t\t\t\t                        <div id=\"ce-post-item-3369\"  class=\"ce-post-item ce-animation ce-animation--none ce-animation-manual post-3369 podcast type-podcast status-publish has-post-thumbnail hentry podcast_shows-endopodcast\" data-delay=\"0\" class=\"entry-podcast ce-post-item\">\r\n\t<article class=\"entry-podcast entry-list\">\r\n\t\t<div class=\"entry-media\">\t\t\t\t\t\t\r\n\t\t    <div class=\"entry-play\">\r\n\t\t\t\t<a class=\"livecast-play livecast-play-3369\" data-audio-id=\"3369\" href=\"https:\/\/sandoz.growlab.es\/index.php\/episode\/easy-strategies-to-help-copy-copy\/\">\t    \t\t\t\r\n\t\t\t\t\t<span class=\"lp-icon lp-play\"><\/span>\r\n\t\t\t\t<\/a>\r\n\t\t    <\/div>\r\n\t\t    <div class=\"entry-titles\">\r\n\t\t\t    <h3 class=\"entry-title\">\r\n\t\t    \t\t<a href=\"https:\/\/sandoz.growlab.es\/index.php\/episode\/easy-strategies-to-help-copy-copy\/\">\r\n\t\t    \t\t\tEasy Strategies\t\t\t\t\t<\/a>\r\n\t\t\t\t<\/h3>\r\n\t\t\t<\/div>\r\n\t\t<\/div>\r\n\t\t<div class=\"entry-meta-single entry-meta-date\">\r\n\t\t\t<span>mayo 5, 2021<\/span>\r\n\t    <\/div>\r\n\t    <div class=\"entry-cat\">\r\n\t    \t<span class=\"entry-icon\">\r\n\t    \t\t<a href=\"https:\/\/sandoz.growlab.es\/index.php\/show\/endopodcast\/\" class=\"category-colored\">Endopodcast<\/a>\t    \t<\/span>\r\n\t    <\/div>\r\n\t    <div class=\"entry-view\">\t\r\n    \t\t<a class=\"entry-readmore\" href=\"https:\/\/sandoz.growlab.es\/index.php\/episode\/easy-strategies-to-help-copy-copy\/\">\r\n    \t\t\tView More &gt;\t\t\t<\/a>\r\n\t    <\/div>\r\n\t<\/article>\r\n<\/div>                                                    \t\t\t\r\n\t\t<\/div>\r\n\t\t\t\t<\/div>\n\t\t\t\t<\/div>\n\t\t\t\t\t<\/div>\n\t\t<\/div>\n\t\t\t\t\t\t\t<\/div>\n\t\t<\/section>\n\t\t\t\t\t\t<\/div>\n\t\t\t\t\t<\/div>\n\t\t","protected":false},"excerpt":{"rendered":"<p>Sandoz Podcasts Bienvenidos a este espacio de divulgaci\u00f3n sobre salud, que nos ayudar\u00e1 a seguir aprendiendo y evolucionando en distintas e interesantes \u00e1reas. Aqu\u00ed encontrar\u00e1s podcast did\u00e1cticos con contenidos de calidad sobre diversos temas, llevados a cabo por profesionales de [&hellip;]<\/p>\n","protected":false},"author":1,"featured_media":0,"parent":0,"menu_order":0,"comment_status":"closed","ping_status":"closed","template":"","meta":[],"_links":{"self":[{"href":"https:\/\/sandoz.growlab.es\/index.php\/wp-json\/wp\/v2\/pages\/3868"}],"collection":[{"href":"https:\/\/sandoz.growlab.es\/index.php\/wp-json\/wp\/v2\/pages"}],"about":[{"href":"https:\/\/sandoz.growlab.es\/index.php\/wp-json\/wp\/v2\/types\/page"}],"author":[{"embeddable":true,"href":"https:\/\/sandoz.growlab.es\/index.php\/wp-json\/wp\/v2\/users\/1"}],"replies":[{"embeddable":true,"href":"https:\/\/sandoz.growlab.es\/index.php\/wp-json\/wp\/v2\/comments?post=3868"}],"version-history":[{"count":167,"href":"https:\/\/sandoz.growlab.es\/index.php\/wp-json\/wp\/v2\/pages\/3868\/revisions"}],"predecessor-version":[{"id":4999,"href":"https:\/\/sandoz.growlab.es\/index.php\/wp-json\/wp\/v2\/pages\/3868\/revisions\/4999"}],"wp:attachment":[{"href":"https:\/\/sandoz.growlab.es\/index.php\/wp-json\/wp\/v2\/media?parent=3868"}],"curies":[{"name":"wp","href":"https:\/\/api.w.org\/{rel}","templated":true}]}}